{"id":13,"date":"2016-02-02T19:25:57","date_gmt":"2016-02-02T19:25:57","guid":{"rendered":"https:\/\/auliyaablog.wordpress.com\/?page_id=5"},"modified":"2021-06-29T11:05:52","modified_gmt":"2021-06-29T10:05:52","slug":"accueil","status":"publish","type":"page","link":"https:\/\/lespeauxensont.fr\/","title":{"rendered":"Bienvenue !"},"content":{"rendered":"\n<figure class=\"wp-block-image\"><img loading=\"lazy\" decoding=\"async\" width=\"1024\" height=\"624\" src=\"http:\/\/lespeauxensont.fr\/wp-content\/uploads\/2016\/02\/untitled-1024x624.png\" alt=\"\" class=\"wp-image-64\" srcset=\"https:\/\/lespeauxensont.fr\/wp-content\/uploads\/2016\/02\/untitled-1024x624.png 1024w, https:\/\/lespeauxensont.fr\/wp-content\/uploads\/2016\/02\/untitled-300x183.png 300w, https:\/\/lespeauxensont.fr\/wp-content\/uploads\/2016\/02\/untitled-768x468.png 768w, https:\/\/lespeauxensont.fr\/wp-content\/uploads\/2016\/02\/untitled-760x463.png 760w, https:\/\/lespeauxensont.fr\/wp-content\/uploads\/2016\/02\/untitled-400x244.png 400w\" sizes=\"auto, (max-width: 1024px) 100vw, 1024px\" \/><figcaption>H\u00e9l\u00e8ne Wertheim &#8211; Laurent Grimaux &#8211; Emmanuel Grimaux<\/figcaption><\/figure>\n\n\n\n<p><strong>\u201cLes peaux en sont\u201d<\/strong> est une association loi 1901 cr\u00e9\u00e9e en 1996 pour la promotion de la musique de jeunes compositeurs et accompagne, depuis l\u2019origine, Laurent Grimaux. Elle a aujourd\u2019hui un cadre plus large et elle promeut aussi des spectacles de marionnettes, en collaboration avec H\u00e9l\u00e8ne Wertheim.<\/p>\n\n\n\n<p>Elle f\u00e9d\u00e8re donc&nbsp;:<\/p>\n\n\n\n<ul class=\"wp-block-list\"><li>dans le domaine de la marionnette : <ul><li>Cie \u201cM comme Virginie\u201d <\/li><\/ul><\/li><\/ul>\n\n\n\n<ul class=\"has-black-color has-text-color wp-block-list\"><li>\u2026 et des formations musicales\u00a0: <ul><li><a href=\"http:\/\/lespeauxensont.fr\/index.php\/les-spectacles-musicaux\/votz-de-peiras\/\">Votz de peiras<\/a><\/li><\/ul><ul><li><a href=\"http:\/\/lespeauxensont.fr\/index.php\/par-son-nom\/\">Par son nom<\/a><\/li><li>sonata jazz<\/li><\/ul><\/li><\/ul>\n\n\n\n<p> Il s&rsquo;agit donc d&rsquo;une association de <strong>spectacle vivant<\/strong>. <\/p>\n\n\n\n<p>Parcourez le site pour d\u00e9couvrir les diff\u00e9rents spectacles cr\u00e9\u00e9s, rejoignez-nous sur les r\u00e9seaux sociaux et n&rsquo;h\u00e9sitez pas \u00e0 vous inscrire \u00e0 la newletter pour tout savoir de nous ! <\/p>\n\n\n\n<p>L&rsquo;association est adh\u00e9rente \u00e0 <a href=\"https:\/\/www.themaa-marionnettes.com\/creation-artistique\/compagnie\/les-peaux-en-sont\/347\">Themaa<\/a>&nbsp;(Association nationale des Th\u00e9\u00e2tres de Marionnettes&nbsp;et Arts associ\u00e9s). <\/p>\n","protected":false},"excerpt":{"rendered":"<p>\u201cLes peaux en sont\u201d est une association loi 1901 cr\u00e9\u00e9e en 1996 pour la promotion de la musique de jeunes compositeurs et accompagne, depuis l\u2019origine, Laurent Grimaux. Elle a aujourd\u2019hui un cadre plus large et elle promeut aussi des spectacles de marionnettes, en collaboration avec H\u00e9l\u00e8ne Wertheim. Elle f\u00e9d\u00e8re donc&nbsp;: dans le domaine de la&hellip; <a href=\"https:\/\/lespeauxensont.fr\/\" class=\"more-link\">Lire la suite <span class=\"screen-reader-text\">Bienvenue !<\/span><\/a><\/p>\n","protected":false},"author":1,"featured_media":0,"parent":0,"menu_order":0,"comment_status":"closed","ping_status":"closed","template":"","meta":{"footnotes":""},"class_list":["post-13","page","type-page","status-publish","hentry"],"jetpack_sharing_enabled":false,"_links":{"self":[{"href":"https:\/\/lespeauxensont.fr\/index.php\/wp-json\/wp\/v2\/pages\/13","targetHints":{"allow":["GET"]}}],"collection":[{"href":"https:\/\/lespeauxensont.fr\/index.php\/wp-json\/wp\/v2\/pages"}],"about":[{"href":"https:\/\/lespeauxensont.fr\/index.php\/wp-json\/wp\/v2\/types\/page"}],"author":[{"embeddable":true,"href":"https:\/\/lespeauxensont.fr\/index.php\/wp-json\/wp\/v2\/users\/1"}],"replies":[{"embeddable":true,"href":"https:\/\/lespeauxensont.fr\/index.php\/wp-json\/wp\/v2\/comments?post=13"}],"version-history":[{"count":34,"href":"https:\/\/lespeauxensont.fr\/index.php\/wp-json\/wp\/v2\/pages\/13\/revisions"}],"predecessor-version":[{"id":1242,"href":"https:\/\/lespeauxensont.fr\/index.php\/wp-json\/wp\/v2\/pages\/13\/revisions\/1242"}],"wp:attachment":[{"href":"https:\/\/lespeauxensont.fr\/index.php\/wp-json\/wp\/v2\/media?parent=13"}],"curies":[{"name":"wp","href":"https:\/\/api.w.org\/{rel}","templated":true}]}}