{"id":14,"date":"2016-02-02T19:26:11","date_gmt":"2016-02-02T19:26:11","guid":{"rendered":"https:\/\/auliyaablog.wordpress.com\/?page_id=7"},"modified":"2020-05-06T10:06:57","modified_gmt":"2020-05-06T09:06:57","slug":"tetes-daffiche","status":"publish","type":"page","link":"https:\/\/lespeauxensont.fr\/index.php\/tetes-daffiche\/","title":{"rendered":"T\u00eates d&rsquo;affiche"},"content":{"rendered":"<p>Et oui, les v\u00e9ritables vedettes sont l\u00e0, sous vos yeux \u00e9bahis ! Prenez un peu de temps\u00a0pour faire connaissance&#8230;<\/p>\n<table>\n<tbody>\n<tr>\n<td style=\"text-align: center;\" width=\"205\"><a href=\"http:\/\/lespeauxensont.fr\/index.php\/les-spectacles\/paul-zoo\/\"><img loading=\"lazy\" decoding=\"async\" class=\"\" src=\"http:\/\/lespeauxensont.fr\/wp-content\/uploads\/2016\/02\/paul-zoo-300x300.jpg\" alt=\"Paul Zoo\" width=\"201\" height=\"201\" \/><\/a><\/td>\n<td style=\"text-align: center;\" width=\"205\"><img loading=\"lazy\" decoding=\"async\" class=\"\" src=\"http:\/\/lespeauxensont.fr\/wp-content\/uploads\/2016\/02\/la-batterie1-300x300.jpg\" alt=\"La batterie\" width=\"201\" height=\"201\" \/><\/td>\n<td style=\"text-align: center;\" width=\"205\"><a href=\"http:\/\/lespeauxensont.fr\/index.php\/les-spectacles\/epicuticule\/\"><img loading=\"lazy\" decoding=\"async\" class=\"alignnone wp-image-381\" src=\"http:\/\/lespeauxensont.fr\/wp-content\/uploads\/2017\/03\/araign\u00e9e-fleur.jpg\" alt=\"\" width=\"201\" height=\"201\" srcset=\"https:\/\/lespeauxensont.fr\/wp-content\/uploads\/2017\/03\/araign\u00e9e-fleur.jpg 1328w, https:\/\/lespeauxensont.fr\/wp-content\/uploads\/2017\/03\/araign\u00e9e-fleur-150x150.jpg 150w, https:\/\/lespeauxensont.fr\/wp-content\/uploads\/2017\/03\/araign\u00e9e-fleur-300x300.jpg 300w, https:\/\/lespeauxensont.fr\/wp-content\/uploads\/2017\/03\/araign\u00e9e-fleur-1024x1024.jpg 1024w, https:\/\/lespeauxensont.fr\/wp-content\/uploads\/2017\/03\/araign\u00e9e-fleur-982x982.jpg 982w, https:\/\/lespeauxensont.fr\/wp-content\/uploads\/2017\/03\/araign\u00e9e-fleur-400x400.jpg 400w\" sizes=\"auto, (max-width: 201px) 100vw, 201px\" \/><\/a><\/td>\n<\/tr>\n<tr>\n<td style=\"text-align: center;\" width=\"205\">Paul Zoo<\/td>\n<td style=\"text-align: center;\" width=\"205\">La batterie<\/td>\n<td style=\"text-align: center;\" width=\"205\">L&rsquo;araign\u00e9e<\/td>\n<\/tr>\n<tr>\n<td style=\"text-align: center;\" width=\"205\"><a href=\"http:\/\/lespeauxensont.fr\/index.php\/les-spectacles\/epicuticule\/\"><img loading=\"lazy\" decoding=\"async\" class=\"alignnone wp-image-382\" src=\"http:\/\/lespeauxensont.fr\/wp-content\/uploads\/2017\/03\/libellules.jpg\" alt=\"\" width=\"201\" height=\"201\" srcset=\"https:\/\/lespeauxensont.fr\/wp-content\/uploads\/2017\/03\/libellules.jpg 1334w, https:\/\/lespeauxensont.fr\/wp-content\/uploads\/2017\/03\/libellules-150x150.jpg 150w, https:\/\/lespeauxensont.fr\/wp-content\/uploads\/2017\/03\/libellules-300x300.jpg 300w, https:\/\/lespeauxensont.fr\/wp-content\/uploads\/2017\/03\/libellules-1024x1024.jpg 1024w, https:\/\/lespeauxensont.fr\/wp-content\/uploads\/2017\/03\/libellules-982x982.jpg 982w, https:\/\/lespeauxensont.fr\/wp-content\/uploads\/2017\/03\/libellules-400x400.jpg 400w\" sizes=\"auto, (max-width: 201px) 100vw, 201px\" \/><\/a><\/td>\n<td style=\"text-align: center;\" width=\"205\"><a href=\"http:\/\/lespeauxensont.fr\/index.php\/les-spectacles\/une-histoire-a-la-confiture\/\"><img loading=\"lazy\" decoding=\"async\" class=\"\" src=\"http:\/\/lespeauxensont.fr\/wp-content\/uploads\/2016\/02\/la-princesse1-300x300.jpg\" alt=\"La princesse\" width=\"201\" height=\"201\" \/><\/a><\/td>\n<td style=\"text-align: center;\" width=\"205\"><a href=\"http:\/\/lespeauxensont.fr\/index.php\/les-spectacles\/ou-peut-etre-honorine\/\"><img loading=\"lazy\" decoding=\"async\" class=\"\" src=\"http:\/\/lespeauxensont.fr\/wp-content\/uploads\/2016\/02\/honorine1-300x300.jpg\" alt=\"Honorine\" width=\"201\" height=\"201\" \/><\/a><\/td>\n<\/tr>\n<tr>\n<td style=\"text-align: center;\" width=\"205\">Les libellules<\/td>\n<td style=\"text-align: center;\" width=\"205\">La princesse<\/td>\n<td style=\"text-align: center;\" width=\"205\">Honorine<\/td>\n<\/tr>\n<tr>\n<td style=\"text-align: center;\" width=\"205\"><a href=\"http:\/\/lespeauxensont.fr\/index.php\/les-spectacles\/lautre-diptyque-2\/\"><img loading=\"lazy\" decoding=\"async\" class=\"alignnone wp-image-384\" src=\"http:\/\/lespeauxensont.fr\/wp-content\/uploads\/2016\/02\/Le-rond.jpg\" alt=\"\" width=\"201\" height=\"201\" srcset=\"https:\/\/lespeauxensont.fr\/wp-content\/uploads\/2016\/02\/Le-rond.jpg 3991w, https:\/\/lespeauxensont.fr\/wp-content\/uploads\/2016\/02\/Le-rond-150x150.jpg 150w, https:\/\/lespeauxensont.fr\/wp-content\/uploads\/2016\/02\/Le-rond-300x300.jpg 300w, https:\/\/lespeauxensont.fr\/wp-content\/uploads\/2016\/02\/Le-rond-1024x1024.jpg 1024w, https:\/\/lespeauxensont.fr\/wp-content\/uploads\/2016\/02\/Le-rond-982x982.jpg 982w, https:\/\/lespeauxensont.fr\/wp-content\/uploads\/2016\/02\/Le-rond-400x400.jpg 400w\" sizes=\"auto, (max-width: 201px) 100vw, 201px\" \/><\/a><\/td>\n<td style=\"text-align: center;\" width=\"205\"><a href=\"http:\/\/lespeauxensont.fr\/index.php\/les-spectacles\/une-histoire-a-la-confiture\/\"><img loading=\"lazy\" decoding=\"async\" class=\"alignnone wp-image-386\" src=\"http:\/\/lespeauxensont.fr\/wp-content\/uploads\/2017\/03\/Le-prince.jpg\" alt=\"\" width=\"201\" height=\"201\" srcset=\"https:\/\/lespeauxensont.fr\/wp-content\/uploads\/2017\/03\/Le-prince.jpg 2221w, https:\/\/lespeauxensont.fr\/wp-content\/uploads\/2017\/03\/Le-prince-150x150.jpg 150w, https:\/\/lespeauxensont.fr\/wp-content\/uploads\/2017\/03\/Le-prince-300x300.jpg 300w, https:\/\/lespeauxensont.fr\/wp-content\/uploads\/2017\/03\/Le-prince-1024x1024.jpg 1024w, https:\/\/lespeauxensont.fr\/wp-content\/uploads\/2017\/03\/Le-prince-982x982.jpg 982w, https:\/\/lespeauxensont.fr\/wp-content\/uploads\/2017\/03\/Le-prince-400x400.jpg 400w\" sizes=\"auto, (max-width: 201px) 100vw, 201px\" \/><\/a><\/td>\n<td style=\"text-align: center;\" width=\"205\"><a href=\"http:\/\/lespeauxensont.fr\/index.php\/les-spectacles\/lautre-diptyque-2\/\"><img loading=\"lazy\" decoding=\"async\" class=\"alignnone wp-image-385\" src=\"http:\/\/lespeauxensont.fr\/wp-content\/uploads\/2016\/02\/Le-pointu.jpg\" alt=\"\" width=\"201\" height=\"201\" srcset=\"https:\/\/lespeauxensont.fr\/wp-content\/uploads\/2016\/02\/Le-pointu.jpg 2653w, https:\/\/lespeauxensont.fr\/wp-content\/uploads\/2016\/02\/Le-pointu-150x150.jpg 150w, https:\/\/lespeauxensont.fr\/wp-content\/uploads\/2016\/02\/Le-pointu-300x300.jpg 300w, https:\/\/lespeauxensont.fr\/wp-content\/uploads\/2016\/02\/Le-pointu-1024x1024.jpg 1024w, https:\/\/lespeauxensont.fr\/wp-content\/uploads\/2016\/02\/Le-pointu-982x982.jpg 982w, https:\/\/lespeauxensont.fr\/wp-content\/uploads\/2016\/02\/Le-pointu-400x400.jpg 400w\" sizes=\"auto, (max-width: 201px) 100vw, 201px\" \/><\/a><\/td>\n<\/tr>\n<tr>\n<td style=\"text-align: center;\" width=\"205\">Le rond<\/td>\n<td style=\"text-align: center;\" width=\"205\">Le prince<\/td>\n<td style=\"text-align: center;\" width=\"205\">Le pointu<\/td>\n<\/tr>\n<tr>\n<td style=\"text-align: center;\" width=\"205\"><img loading=\"lazy\" decoding=\"async\" class=\"aligncenter size-medium wp-image-78\" src=\"http:\/\/lespeauxensont.fr\/wp-content\/uploads\/2016\/02\/la-chenille1-300x300.jpg\" alt=\"\" width=\"300\" height=\"300\" srcset=\"https:\/\/lespeauxensont.fr\/wp-content\/uploads\/2016\/02\/la-chenille1-300x300.jpg 300w, https:\/\/lespeauxensont.fr\/wp-content\/uploads\/2016\/02\/la-chenille1-150x150.jpg 150w, https:\/\/lespeauxensont.fr\/wp-content\/uploads\/2016\/02\/la-chenille1-400x400.jpg 400w, https:\/\/lespeauxensont.fr\/wp-content\/uploads\/2016\/02\/la-chenille1.jpg 411w\" sizes=\"auto, (max-width: 300px) 100vw, 300px\" \/><\/td>\n<td style=\"text-align: center;\" width=\"205\"><img loading=\"lazy\" decoding=\"async\" class=\"aligncenter size-medium wp-image-1191\" src=\"http:\/\/lespeauxensont.fr\/wp-content\/uploads\/2020\/05\/PSX_20191123_134359-300x300.jpg\" alt=\"\" width=\"300\" height=\"300\" srcset=\"https:\/\/lespeauxensont.fr\/wp-content\/uploads\/2020\/05\/PSX_20191123_134359-300x300.jpg 300w, https:\/\/lespeauxensont.fr\/wp-content\/uploads\/2020\/05\/PSX_20191123_134359-200x200.jpg 200w, https:\/\/lespeauxensont.fr\/wp-content\/uploads\/2020\/05\/PSX_20191123_134359-1024x1024.jpg 1024w, https:\/\/lespeauxensont.fr\/wp-content\/uploads\/2020\/05\/PSX_20191123_134359-982x982.jpg 982w, https:\/\/lespeauxensont.fr\/wp-content\/uploads\/2020\/05\/PSX_20191123_134359-400x400.jpg 400w, https:\/\/lespeauxensont.fr\/wp-content\/uploads\/2020\/05\/PSX_20191123_134359.jpg 1500w\" sizes=\"auto, (max-width: 300px) 100vw, 300px\" \/><\/td>\n<td style=\"text-align: center;\" width=\"205\"><a href=\"http:\/\/lespeauxensont.fr\/index.php\/les-spectacles\/une-histoire-a-la-confiture\/\"><img loading=\"lazy\" decoding=\"async\" class=\"details-image aligncenter\" draggable=\"false\" src=\"http:\/\/lespeauxensont.fr\/wp-content\/uploads\/2016\/02\/la-grenouille1.jpg\" alt=\"\" width=\"201\" height=\"201\" \/><\/a><\/td>\n<\/tr>\n<tr>\n<td style=\"text-align: center;\" width=\"205\">La chenille<\/td>\n<td style=\"text-align: center;\" width=\"205\">Le fantaisiste<\/td>\n<td style=\"text-align: center;\" width=\"205\">&#8230; c&rsquo;est qui lui ?<\/td>\n<\/tr>\n<\/tbody>\n<\/table>\n","protected":false},"excerpt":{"rendered":"<p>Et oui, les v\u00e9ritables vedettes sont l\u00e0, sous vos yeux \u00e9bahis ! Prenez un peu de temps\u00a0pour faire connaissance&#8230; Paul Zoo La batterie L&rsquo;araign\u00e9e Les libellules La princesse Honorine Le rond Le prince Le pointu La chenille Le fantaisiste &#8230; c&rsquo;est qui lui ?<\/p>\n","protected":false},"author":1,"featured_media":0,"parent":0,"menu_order":0,"comment_status":"closed","ping_status":"closed","template":"","meta":{"footnotes":""},"class_list":["post-14","page","type-page","status-publish","hentry"],"jetpack_sharing_enabled":true,"_links":{"self":[{"href":"https:\/\/lespeauxensont.fr\/index.php\/wp-json\/wp\/v2\/pages\/14","targetHints":{"allow":["GET"]}}],"collection":[{"href":"https:\/\/lespeauxensont.fr\/index.php\/wp-json\/wp\/v2\/pages"}],"about":[{"href":"https:\/\/lespeauxensont.fr\/index.php\/wp-json\/wp\/v2\/types\/page"}],"author":[{"embeddable":true,"href":"https:\/\/lespeauxensont.fr\/index.php\/wp-json\/wp\/v2\/users\/1"}],"replies":[{"embeddable":true,"href":"https:\/\/lespeauxensont.fr\/index.php\/wp-json\/wp\/v2\/comments?post=14"}],"version-history":[{"count":18,"href":"https:\/\/lespeauxensont.fr\/index.php\/wp-json\/wp\/v2\/pages\/14\/revisions"}],"predecessor-version":[{"id":1228,"href":"https:\/\/lespeauxensont.fr\/index.php\/wp-json\/wp\/v2\/pages\/14\/revisions\/1228"}],"wp:attachment":[{"href":"https:\/\/lespeauxensont.fr\/index.php\/wp-json\/wp\/v2\/media?parent=14"}],"curies":[{"name":"wp","href":"https:\/\/api.w.org\/{rel}","templated":true}]}}