{"id":15,"date":"2016-02-02T19:26:31","date_gmt":"2016-02-02T19:26:31","guid":{"rendered":"https:\/\/auliyaablog.wordpress.com\/?page_id=9"},"modified":"2019-06-25T05:21:34","modified_gmt":"2019-06-25T04:21:34","slug":"le-salon-des-arpetes","status":"publish","type":"page","link":"https:\/\/lespeauxensont.fr\/index.php\/le-salon-des-arpetes\/","title":{"rendered":"Le salon des arp\u00e8tes"},"content":{"rendered":"<p>Nos grandes vedettes sont assist\u00e9es par de petites mains pour cr\u00e9er leurs spectacles, les voici.<\/p>\n<table>\n<tbody>\n<tr>\n<td width=\"302\"><a href=\"http:\/\/lespeauxensont.fr\/index.php\/le-salon-des-arpetes\/laurent-grimaux\/\"><img loading=\"lazy\" decoding=\"async\" class=\"aligncenter\" src=\"http:\/\/lespeauxensont.fr\/wp-content\/uploads\/2016\/02\/laurent.jpg\" alt=\"Laurent\" width=\"215\" height=\"215\" \/><\/a><\/td>\n<td style=\"text-align: center;\" width=\"302\"><a href=\"http:\/\/lespeauxensont.fr\/index.php\/le-salon-des-arpetes\/helene-wertheim\/\"><img loading=\"lazy\" decoding=\"async\" src=\"http:\/\/lespeauxensont.fr\/wp-content\/uploads\/2016\/02\/hc3a9lc3a8ne-2.jpg\" alt=\"Helene\" width=\"215\" height=\"215\" \/><\/a><\/td>\n<\/tr>\n<tr>\n<td style=\"text-align: center;\" width=\"302\"><strong><a href=\"http:\/\/lespeauxensont.fr\/index.php\/le-salon-des-arpetes\/laurent-grimaux\/\">Laurent Grimaux<\/a><\/strong><\/td>\n<td width=\"302\">\n<p style=\"text-align: center;\"><strong><a href=\"http:\/\/lespeauxensont.fr\/index.php\/le-salon-des-arpetes\/helene-wertheim\/\">H\u00e9l\u00e8ne Wertheim<\/a><\/strong><\/p>\n<\/td>\n<\/tr>\n<\/tbody>\n<\/table>\n<p>Et les autres&#8230;<\/p>\n<table>\n<tbody>\n<tr>\n<td width=\"302\"><img loading=\"lazy\" decoding=\"async\" class=\"aligncenter\" src=\"http:\/\/lespeauxensont.fr\/wp-content\/uploads\/2016\/02\/emmanuel.jpg\" alt=\"Emmanuel\" width=\"180\" height=\"180\" \/><\/td>\n<td style=\"text-align: center;\" width=\"302\"><img loading=\"lazy\" decoding=\"async\" src=\"http:\/\/lespeauxensont.fr\/wp-content\/uploads\/2016\/02\/image-de-profil-5-300x300.png\" alt=\"image-de-profil-5\" width=\"180\" height=\"180\" \/><\/td>\n<\/tr>\n<tr>\n<td width=\"302\">\n<p style=\"text-align: center;\">Emmanuel Grimaux<\/p>\n<p style=\"text-align: center;\">Charg\u00e9 de vaisselle<\/p>\n<\/td>\n<td width=\"302\">\n<p style=\"text-align: center;\">Isabelle Moisan<br \/>\nPr\u00e9sidente<\/p>\n<\/td>\n<\/tr>\n<tr>\n<td width=\"302\"><img loading=\"lazy\" decoding=\"async\" class=\"aligncenter\" src=\"http:\/\/lespeauxensont.fr\/wp-content\/uploads\/2016\/02\/image-de-profil-5-300x300.png\" alt=\"image-de-profil-5\" width=\"180\" height=\"180\" \/><\/td>\n<td width=\"302\"><img loading=\"lazy\" decoding=\"async\" class=\"aligncenter\" src=\"http:\/\/lespeauxensont.fr\/wp-content\/uploads\/2016\/02\/image-de-profil-5-300x300.png\" alt=\"image-de-profil-5\" width=\"180\" height=\"180\" \/><\/td>\n<\/tr>\n<tr>\n<td style=\"text-align: center;\" width=\"302\">\n<p style=\"text-align: center;\">Odile P\u00e9ricard<\/p>\n<p style=\"text-align: center;\">Tr\u00e9sori\u00e8re<\/p>\n<\/td>\n<td width=\"302\">\n<p style=\"text-align: center;\">Marine Pinel<\/p>\n<p style=\"text-align: center;\">Communication<\/p>\n<\/td>\n<\/tr>\n<\/tbody>\n<\/table>\n","protected":false},"excerpt":{"rendered":"<p>Nos grandes vedettes sont assist\u00e9es par de petites mains pour cr\u00e9er leurs spectacles, les voici. Laurent Grimaux H\u00e9l\u00e8ne Wertheim Et les autres&#8230; Emmanuel Grimaux Charg\u00e9 de vaisselle Isabelle Moisan Pr\u00e9sidente Odile P\u00e9ricard Tr\u00e9sori\u00e8re Marine Pinel Communication<\/p>\n","protected":false},"author":1,"featured_media":0,"parent":0,"menu_order":0,"comment_status":"closed","ping_status":"closed","template":"","meta":{"footnotes":""},"class_list":["post-15","page","type-page","status-publish","hentry"],"jetpack_sharing_enabled":true,"_links":{"self":[{"href":"https:\/\/lespeauxensont.fr\/index.php\/wp-json\/wp\/v2\/pages\/15","targetHints":{"allow":["GET"]}}],"collection":[{"href":"https:\/\/lespeauxensont.fr\/index.php\/wp-json\/wp\/v2\/pages"}],"about":[{"href":"https:\/\/lespeauxensont.fr\/index.php\/wp-json\/wp\/v2\/types\/page"}],"author":[{"embeddable":true,"href":"https:\/\/lespeauxensont.fr\/index.php\/wp-json\/wp\/v2\/users\/1"}],"replies":[{"embeddable":true,"href":"https:\/\/lespeauxensont.fr\/index.php\/wp-json\/wp\/v2\/comments?post=15"}],"version-history":[{"count":20,"href":"https:\/\/lespeauxensont.fr\/index.php\/wp-json\/wp\/v2\/pages\/15\/revisions"}],"predecessor-version":[{"id":1136,"href":"https:\/\/lespeauxensont.fr\/index.php\/wp-json\/wp\/v2\/pages\/15\/revisions\/1136"}],"wp:attachment":[{"href":"https:\/\/lespeauxensont.fr\/index.php\/wp-json\/wp\/v2\/media?parent=15"}],"curies":[{"name":"wp","href":"https:\/\/api.w.org\/{rel}","templated":true}]}}