{"id":156,"date":"2016-02-29T12:46:20","date_gmt":"2016-02-29T11:46:20","guid":{"rendered":"http:\/\/lespeauxensont.fr\/?page_id=156"},"modified":"2019-05-24T16:55:21","modified_gmt":"2019-05-24T15:55:21","slug":"paul-zoo","status":"publish","type":"page","link":"https:\/\/lespeauxensont.fr\/index.php\/les-spectacles\/paul-zoo\/","title":{"rendered":"Paul Zoo, le petit croqueur de poires"},"content":{"rendered":"<p style=\"text-align: justify;\">Spectacle d&rsquo;une dizaine de minutes pour une personne<\/p>\n<p style=\"text-align: justify;\">Paul Zoo est portraitiste.<\/p>\n<p style=\"text-align: justify;\">Cette marionnette est l&rsquo;aboutissement d&rsquo;une recherche men\u00e9e en collaboration avec Claire Begin, animatrice dans une r\u00e9sidence pour personnes \u00e2g\u00e9es d\u00e9pendantes. Le but de ce travail \u00e9tait d&rsquo;entrer en contact avec des personnes identifi\u00e9es par les \u00e9quipes accompagnantes comme \u00ab\u00a0non communicantes\u00a0\u00bb.<\/p>\n<p style=\"text-align: justify;\">Paul Zoo s&rsquo;installe \u00e0 une table, choisit un \u00ab\u00a0interlocuteur\u00a0\u00bb, le regarde, et fait son portrait. Son attention est r\u00e9serv\u00e9e \u00e0 cette seule personne\u00a0; les autres gens pouvant assister au \u00ab\u00a0spectacle\u00a0\u00bb sans que celui-ci leur soit adress\u00e9. Quand Paul Zoo est satisfait de son portrait, il le signe et l&rsquo;offre \u00e0 son vis-\u00e0-vis. Le tout se d\u00e9roule sans qu&rsquo;il ne dise mot. Paul Zoo est avant tout un regard laudatif sur une personne plus souvent consid\u00e9r\u00e9e en fonction de ses carences.<\/p>\n<p>&nbsp;<\/p>\n<p style=\"text-align: justify;\">L&rsquo;intervention dans l&rsquo;\u00e9tablissement \u00ab\u00a0h\u00f4te\u00a0\u00bb est pr\u00e9par\u00e9e et suivie d&rsquo;un bilan avec l&rsquo;\u00e9quipe d&rsquo;accompagnement.<\/p>\n<p style=\"text-align: justify;\"><img loading=\"lazy\" decoding=\"async\" class=\"alignnone wp-image-286 size-large\" src=\"http:\/\/lespeauxensont.fr\/wp-content\/uploads\/2016\/02\/DSC_0900-1024x683.jpg\" alt=\"\" width=\"663\" height=\"442\" srcset=\"https:\/\/lespeauxensont.fr\/wp-content\/uploads\/2016\/02\/DSC_0900-1024x683.jpg 1024w, https:\/\/lespeauxensont.fr\/wp-content\/uploads\/2016\/02\/DSC_0900-300x200.jpg 300w, https:\/\/lespeauxensont.fr\/wp-content\/uploads\/2016\/02\/DSC_0900-982x655.jpg 982w, https:\/\/lespeauxensont.fr\/wp-content\/uploads\/2016\/02\/DSC_0900-400x267.jpg 400w\" sizes=\"auto, (max-width: 663px) 100vw, 663px\" \/><\/p>\n","protected":false},"excerpt":{"rendered":"<p>Spectacle d&rsquo;une dizaine de minutes pour une personne Paul Zoo est portraitiste. Cette marionnette est l&rsquo;aboutissement d&rsquo;une recherche men\u00e9e en collaboration avec Claire Begin, animatrice dans une r\u00e9sidence pour personnes \u00e2g\u00e9es d\u00e9pendantes. Le but de ce travail \u00e9tait d&rsquo;entrer en contact avec des personnes identifi\u00e9es par les \u00e9quipes accompagnantes comme \u00ab\u00a0non communicantes\u00a0\u00bb. Paul Zoo s&rsquo;installe&hellip; <a href=\"https:\/\/lespeauxensont.fr\/index.php\/les-spectacles\/paul-zoo\/\" class=\"more-link\">Lire la suite <span class=\"screen-reader-text\">Paul Zoo, le petit croqueur de poires<\/span><\/a><\/p>\n","protected":false},"author":1,"featured_media":0,"parent":16,"menu_order":3,"comment_status":"closed","ping_status":"closed","template":"","meta":{"footnotes":""},"class_list":["post-156","page","type-page","status-publish","hentry"],"jetpack_sharing_enabled":true,"_links":{"self":[{"href":"https:\/\/lespeauxensont.fr\/index.php\/wp-json\/wp\/v2\/pages\/156","targetHints":{"allow":["GET"]}}],"collection":[{"href":"https:\/\/lespeauxensont.fr\/index.php\/wp-json\/wp\/v2\/pages"}],"about":[{"href":"https:\/\/lespeauxensont.fr\/index.php\/wp-json\/wp\/v2\/types\/page"}],"author":[{"embeddable":true,"href":"https:\/\/lespeauxensont.fr\/index.php\/wp-json\/wp\/v2\/users\/1"}],"replies":[{"embeddable":true,"href":"https:\/\/lespeauxensont.fr\/index.php\/wp-json\/wp\/v2\/comments?post=156"}],"version-history":[{"count":11,"href":"https:\/\/lespeauxensont.fr\/index.php\/wp-json\/wp\/v2\/pages\/156\/revisions"}],"predecessor-version":[{"id":1103,"href":"https:\/\/lespeauxensont.fr\/index.php\/wp-json\/wp\/v2\/pages\/156\/revisions\/1103"}],"up":[{"embeddable":true,"href":"https:\/\/lespeauxensont.fr\/index.php\/wp-json\/wp\/v2\/pages\/16"}],"wp:attachment":[{"href":"https:\/\/lespeauxensont.fr\/index.php\/wp-json\/wp\/v2\/media?parent=156"}],"curies":[{"name":"wp","href":"https:\/\/api.w.org\/{rel}","templated":true}]}}