{"id":18,"date":"2016-02-02T19:27:20","date_gmt":"2016-02-02T19:27:20","guid":{"rendered":"https:\/\/auliyaablog.wordpress.com\/?page_id=15"},"modified":"2020-05-06T10:17:03","modified_gmt":"2020-05-06T09:17:03","slug":"contact","status":"publish","type":"page","link":"https:\/\/lespeauxensont.fr\/index.php\/contact\/","title":{"rendered":"Contact"},"content":{"rendered":"<p>Aux derni\u00e8res nouvelles, le si\u00e8ge social de l&rsquo;association \u00ab\u00a0Les Peaux en Sont\u00a0\u00bb a \u00e9t\u00e9 localis\u00e9 dans le Lot (46). Pour toute demande, n&rsquo;h\u00e9sitez pas \u00e0 nous adresser\u00a0un mail, un courrier ou un pigeon voyageur.<\/p>\n<p><strong>Par mail<\/strong> : contact[at]lespeauxensont.fr<\/p>\n<p>\u00a0<\/p>\n<p><strong>Par courrier<\/strong> :<br \/>Association Les Peaux En Sont,<br \/>Mas de Gaillard<br \/>46100 Cardaillac<\/p>\n<p>\u00a0<\/p>\n<p><strong>Par pigeon<\/strong> : Tout droit jusqu&rsquo;aux deux peupliers.<\/p>\n<p>\u00a0<\/p>\n<p><img loading=\"lazy\" decoding=\"async\" class=\"wp-image-311 aligncenter\" src=\"http:\/\/lespeauxensont.fr\/wp-content\/uploads\/2016\/02\/QR-code-Laurent-e1490648263415.png\" alt=\"\" width=\"108\" height=\"108\" srcset=\"https:\/\/lespeauxensont.fr\/wp-content\/uploads\/2016\/02\/QR-code-Laurent-e1490648263415.png 829w, https:\/\/lespeauxensont.fr\/wp-content\/uploads\/2016\/02\/QR-code-Laurent-e1490648263415-150x150.png 150w, https:\/\/lespeauxensont.fr\/wp-content\/uploads\/2016\/02\/QR-code-Laurent-e1490648263415-300x300.png 300w, https:\/\/lespeauxensont.fr\/wp-content\/uploads\/2016\/02\/QR-code-Laurent-e1490648263415-400x400.png 400w\" sizes=\"auto, (max-width: 108px) 100vw, 108px\" \/><\/p>\n<p>\u00a0<\/p>\n\n\n<p><em><strong>Mentions l\u00e9gales :\u00a0<\/strong><\/em> <br><em>Association loi 1901 <br>N\u00b0 de SIRET : 410801195000026<br>N\u00b0 de licence d&rsquo;entrepreneur de spectacle : 2-1091267 <\/em><\/p>\n\n\n\n<p><\/p>\n","protected":false},"excerpt":{"rendered":"<p>Aux derni\u00e8res nouvelles, le si\u00e8ge social de l&rsquo;association \u00ab\u00a0Les Peaux en Sont\u00a0\u00bb a \u00e9t\u00e9 localis\u00e9 dans le Lot (46). Pour toute demande, n&rsquo;h\u00e9sitez pas \u00e0 nous adresser\u00a0un mail, un courrier ou un pigeon voyageur. Par mail : contact[at]lespeauxensont.fr \u00a0 Par courrier :Association Les Peaux En Sont,Mas de Gaillard46100 Cardaillac \u00a0 Par pigeon : Tout droit&hellip; <a href=\"https:\/\/lespeauxensont.fr\/index.php\/contact\/\" class=\"more-link\">Lire la suite <span class=\"screen-reader-text\">Contact<\/span><\/a><\/p>\n","protected":false},"author":1,"featured_media":0,"parent":0,"menu_order":0,"comment_status":"closed","ping_status":"closed","template":"","meta":{"footnotes":""},"class_list":["post-18","page","type-page","status-publish","hentry"],"jetpack_sharing_enabled":true,"_links":{"self":[{"href":"https:\/\/lespeauxensont.fr\/index.php\/wp-json\/wp\/v2\/pages\/18","targetHints":{"allow":["GET"]}}],"collection":[{"href":"https:\/\/lespeauxensont.fr\/index.php\/wp-json\/wp\/v2\/pages"}],"about":[{"href":"https:\/\/lespeauxensont.fr\/index.php\/wp-json\/wp\/v2\/types\/page"}],"author":[{"embeddable":true,"href":"https:\/\/lespeauxensont.fr\/index.php\/wp-json\/wp\/v2\/users\/1"}],"replies":[{"embeddable":true,"href":"https:\/\/lespeauxensont.fr\/index.php\/wp-json\/wp\/v2\/comments?post=18"}],"version-history":[{"count":14,"href":"https:\/\/lespeauxensont.fr\/index.php\/wp-json\/wp\/v2\/pages\/18\/revisions"}],"predecessor-version":[{"id":1232,"href":"https:\/\/lespeauxensont.fr\/index.php\/wp-json\/wp\/v2\/pages\/18\/revisions\/1232"}],"wp:attachment":[{"href":"https:\/\/lespeauxensont.fr\/index.php\/wp-json\/wp\/v2\/media?parent=18"}],"curies":[{"name":"wp","href":"https:\/\/api.w.org\/{rel}","templated":true}]}}