{"id":94,"date":"2016-02-25T16:44:03","date_gmt":"2016-02-25T16:44:03","guid":{"rendered":"https:\/\/auliyaablog.wordpress.com\/?page_id=94"},"modified":"2016-03-02T07:01:26","modified_gmt":"2016-03-02T06:01:26","slug":"laurent-grimaux","status":"publish","type":"page","link":"https:\/\/lespeauxensont.fr\/index.php\/le-salon-des-arpetes\/laurent-grimaux\/","title":{"rendered":"Laurent Grimaux"},"content":{"rendered":"<p style=\"text-align: justify;\">Laurent Grimaux est musicien, form\u00e9 \u00e0 l\u2019harmonie, l\u2019orchestre et le big band \u00e0 l\u2019\u00e9cole de Jazz I.A.C.P.\u00a0\u00e0 Paris, puis au C.I.M. et \u00e0 la batterie \u00e0 l\u2019\u00e9cole AGOSTINI de Paris et Rouen.<br \/>\nDipl\u00f4m\u00e9 de cette \u00e9cole, il enseigne la batterie et compose de la musique pour les\u00a0spectacles de marionnettes depuis 1996.<\/p>\n<p><img loading=\"lazy\" decoding=\"async\" class=\"wp-image-88 aligncenter\" src=\"http:\/\/lespeauxensont.fr\/wp-content\/uploads\/2016\/02\/laurent-300x300.jpg\" alt=\"Laurent\" width=\"410\" height=\"410\" srcset=\"https:\/\/lespeauxensont.fr\/wp-content\/uploads\/2016\/02\/laurent-300x300.jpg 300w, https:\/\/lespeauxensont.fr\/wp-content\/uploads\/2016\/02\/laurent-150x150.jpg 150w, https:\/\/lespeauxensont.fr\/wp-content\/uploads\/2016\/02\/laurent-768x768.jpg 768w, https:\/\/lespeauxensont.fr\/wp-content\/uploads\/2016\/02\/laurent-760x760.jpg 760w, https:\/\/lespeauxensont.fr\/wp-content\/uploads\/2016\/02\/laurent-400x400.jpg 400w, https:\/\/lespeauxensont.fr\/wp-content\/uploads\/2016\/02\/laurent.jpg 960w\" sizes=\"auto, (max-width: 410px) 100vw, 410px\" \/><\/p>\n","protected":false},"excerpt":{"rendered":"<p>Laurent Grimaux est musicien, form\u00e9 \u00e0 l\u2019harmonie, l\u2019orchestre et le big band \u00e0 l\u2019\u00e9cole de Jazz I.A.C.P.\u00a0\u00e0 Paris, puis au C.I.M. et \u00e0 la batterie \u00e0 l\u2019\u00e9cole AGOSTINI de Paris et Rouen. Dipl\u00f4m\u00e9 de cette \u00e9cole, il enseigne la batterie et compose de la musique pour les\u00a0spectacles de marionnettes depuis 1996.<\/p>\n","protected":false},"author":1,"featured_media":0,"parent":15,"menu_order":0,"comment_status":"closed","ping_status":"closed","template":"","meta":{"footnotes":""},"class_list":["post-94","page","type-page","status-publish","hentry"],"jetpack_sharing_enabled":true,"_links":{"self":[{"href":"https:\/\/lespeauxensont.fr\/index.php\/wp-json\/wp\/v2\/pages\/94","targetHints":{"allow":["GET"]}}],"collection":[{"href":"https:\/\/lespeauxensont.fr\/index.php\/wp-json\/wp\/v2\/pages"}],"about":[{"href":"https:\/\/lespeauxensont.fr\/index.php\/wp-json\/wp\/v2\/types\/page"}],"author":[{"embeddable":true,"href":"https:\/\/lespeauxensont.fr\/index.php\/wp-json\/wp\/v2\/users\/1"}],"replies":[{"embeddable":true,"href":"https:\/\/lespeauxensont.fr\/index.php\/wp-json\/wp\/v2\/comments?post=94"}],"version-history":[{"count":3,"href":"https:\/\/lespeauxensont.fr\/index.php\/wp-json\/wp\/v2\/pages\/94\/revisions"}],"predecessor-version":[{"id":249,"href":"https:\/\/lespeauxensont.fr\/index.php\/wp-json\/wp\/v2\/pages\/94\/revisions\/249"}],"up":[{"embeddable":true,"href":"https:\/\/lespeauxensont.fr\/index.php\/wp-json\/wp\/v2\/pages\/15"}],"wp:attachment":[{"href":"https:\/\/lespeauxensont.fr\/index.php\/wp-json\/wp\/v2\/media?parent=94"}],"curies":[{"name":"wp","href":"https:\/\/api.w.org\/{rel}","templated":true}]}}